{"id":191,"date":"2021-10-04T10:56:54","date_gmt":"2021-10-04T10:56:54","guid":{"rendered":"https:\/\/rexformedling.se\/?page_id=191"},"modified":"2022-01-24T13:37:08","modified_gmt":"2022-01-24T13:37:08","slug":"jobba-hos-oss","status":"publish","type":"page","link":"https:\/\/rexformedling.se\/index.php\/jobba-hos-oss\/","title":{"rendered":"Jobba hos oss"},"content":{"rendered":"\t\t<div data-elementor-type=\"wp-page\" data-elementor-id=\"191\" class=\"elementor elementor-191\" data-elementor-settings=\"[]\">\n\t\t\t\t\t\t\t<div class=\"elementor-section-wrap\">\n\t\t\t\t\t\t\t<section class=\"elementor-section elementor-top-section elementor-element elementor-element-3a571c7 elementor-section-boxed elementor-section-height-default elementor-section-height-default\" data-id=\"3a571c7\" data-element_type=\"section\">\n\t\t\t\t\t\t<div class=\"elementor-container elementor-column-gap-default\">\n\t\t\t\t\t<div class=\"elementor-column elementor-col-100 elementor-top-column elementor-element elementor-element-b15d625\" data-id=\"b15d625\" data-element_type=\"column\">\n\t\t\t<div class=\"elementor-widget-wrap elementor-element-populated\">\n\t\t\t\t\t\t\t\t<div class=\"elementor-element elementor-element-3157bb7 elementor-widget elementor-widget-text-editor\" data-id=\"3157bb7\" data-element_type=\"widget\" data-widget_type=\"text-editor.default\">\n\t\t\t\t<div class=\"elementor-widget-container\">\n\t\t\t\t\t\t\t<p>\u00c4r du Fastighetsm\u00e4klare eller Aff\u00e4rsm\u00e4klare?<br \/>Vill du arbeta hos oss?<\/p><p><strong>Skicka din CV till<\/strong><\/p><p><a href=\"mailto:rekryteringen@rexformedling.se\" target=\"_blank\" rel=\"noopener noreferrer\">rekryteringen@rexformedling.se<\/a><\/p><p><strong>Vi har stort behov av f\u00f6retagsm\u00e4klare i \u00a0Stockholm, G\u00f6teborg och Malm\u00f6. V\u00e4lkommen med din ans\u00f6kan.<\/strong><\/p><p>REX F\u00f6rmedling har funnits sedan b\u00f6rjan av 2012 och \u00e4r din kompletta m\u00e4klare, vi f\u00f6rmedlar b\u00e5de bost\u00e4der och f\u00f6retag.<\/p><p><strong>Ring oss<\/strong><\/p><p>0736-22 00 71<\/p><h2>\u00a0<\/h2><h2>Vill du bli en av oss?<\/h2><p><img loading=\"lazy\" decoding=\"async\" class=\"alignleft size-full wp-image-289\" src=\"http:\/\/www.rexformedling.se\/wp-content\/uploads\/2013\/01\/kronagreen_smaller.jpg\" alt=\"kronagreen_smaller\" width=\"141\" height=\"100\" \/><\/p><p>Ett framg\u00e5ngsrikt f\u00f6retags fr\u00e4msta tillg\u00e5ng \u00e4r personalen. D\u00e4rf\u00f6r efters\u00f6ker vi personal som f\u00f6rkovrat sig i b\u00e5de utbildning och arbetslivserfarenhet. Du arbetar p\u00e5 ort och st\u00e4lle, beh\u00f6ver inte flytta.<\/p><p>Du \u00e4r en stor\u00a0tillg\u00e5ng f\u00f6r f\u00f6retaget om du varit i Restaurang- och hotellbranschen, d\u00e5 vi i huvudsak f\u00f6rmedlar dessa objekt. Den allra viktigaste egenskapen hos dig som F\u00f6retagsm\u00e4klare \u00e4r att du ska kunna s\u00e4lja.<\/p><p>Utbildning som kr\u00e4vs<br \/>Ekonomi, Juridik, Marknadsf\u00f6ring, Samh\u00e4llskunskap.<br \/>Om du har dessa utbildningar, eller fastighetsm\u00e4klarutbildningen, har du grunden f\u00f6r att arbeta som m\u00e4klare hos REX.<br \/>Sedan f\u00e5r du en grundl\u00e4ggande utbildning i REX skola f\u00f6r f\u00f6retagsm\u00e4klare. D\u00e4refter f\u00e5r du l\u00f6pande Kunskapsutveckling.<br \/>F\u00f6r att klara arbetet som F\u00f6retagsm\u00e4klare hos oss, m\u00e5ste du ha arbetat som s\u00e4ljare och vara en duktig logistiker. Ha ett bra ordningssinne och ett driv att f\u00f6ra en aff\u00e4r fram\u00e5t.<\/p><p>REX F\u00f6rmedling \u00e4r ett f\u00f6retag med en platt organisation. Var och en sk\u00f6ter sitt eget distrikt och har fullt st\u00f6d fr\u00e5n huvudkontoret f\u00f6r att l\u00e5ta b\u00e5de dig och f\u00f6retaget v\u00e4xa. Du har frihet under ansvar och \u00e4r din egen framg\u00e5ng.<\/p><p>Har du F-skattsedel vill du bli en i teamet? Har du en liten fastighetsm\u00e4klarbyr\u00e5 och vill samarbeta med oss? H\u00f6r av dig.<\/p>\t\t\t\t\t\t<\/div>\n\t\t\t\t<\/div>\n\t\t\t\t\t<\/div>\n\t\t<\/div>\n\t\t\t\t\t\t\t<\/div>\n\t\t<\/section>\n\t\t\t\t<section class=\"elementor-section elementor-top-section elementor-element elementor-element-11e014f elementor-section-boxed elementor-section-height-default elementor-section-height-default\" data-id=\"11e014f\" data-element_type=\"section\">\n\t\t\t\t\t\t<div class=\"elementor-container elementor-column-gap-default\">\n\t\t\t\t\t<div class=\"elementor-column elementor-col-100 elementor-top-column elementor-element elementor-element-23b75f3\" data-id=\"23b75f3\" data-element_type=\"column\">\n\t\t\t<div class=\"elementor-widget-wrap elementor-element-populated\">\n\t\t\t\t\t\t\t\t<div class=\"elementor-element elementor-element-a2b4a47 elementor-widget elementor-widget-image\" data-id=\"a2b4a47\" data-element_type=\"widget\" data-widget_type=\"image.default\">\n\t\t\t\t<div class=\"elementor-widget-container\">\n\t\t\t\t\t\t\t\t\t\t\t\t\t\t\t<img loading=\"lazy\" decoding=\"async\" width=\"800\" height=\"313\" src=\"https:\/\/rexformedling.se\/wp-content\/uploads\/2022\/01\/REX-kontor-1024x401.jpg\" class=\"attachment-large size-large\" alt=\"\" srcset=\"https:\/\/rexformedling.se\/wp-content\/uploads\/2022\/01\/REX-kontor-1024x401.jpg 1024w, https:\/\/rexformedling.se\/wp-content\/uploads\/2022\/01\/REX-kontor-300x117.jpg 300w, https:\/\/rexformedling.se\/wp-content\/uploads\/2022\/01\/REX-kontor-768x301.jpg 768w, https:\/\/rexformedling.se\/wp-content\/uploads\/2022\/01\/REX-kontor-1536x602.jpg 1536w, https:\/\/rexformedling.se\/wp-content\/uploads\/2022\/01\/REX-kontor-2048x802.jpg 2048w\" sizes=\"auto, (max-width: 800px) 100vw, 800px\" \/>\t\t\t\t\t\t\t\t\t\t\t\t\t\t\t<\/div>\n\t\t\t\t<\/div>\n\t\t\t\t\t<\/div>\n\t\t<\/div>\n\t\t\t\t\t\t\t<\/div>\n\t\t<\/section>\n\t\t\t\t<section class=\"elementor-section elementor-top-section elementor-element elementor-element-fb73876 elementor-section-boxed elementor-section-height-default elementor-section-height-default\" data-id=\"fb73876\" data-element_type=\"section\">\n\t\t\t\t\t\t<div class=\"elementor-container elementor-column-gap-default\">\n\t\t\t\t\t<div class=\"elementor-column elementor-col-33 elementor-top-column elementor-element elementor-element-942abe9\" data-id=\"942abe9\" data-element_type=\"column\">\n\t\t\t<div class=\"elementor-widget-wrap elementor-element-populated\">\n\t\t\t\t\t\t\t\t<div class=\"elementor-element elementor-element-7ce4e54 elementor-widget elementor-widget-image\" data-id=\"7ce4e54\" data-element_type=\"widget\" data-widget_type=\"image.default\">\n\t\t\t\t<div class=\"elementor-widget-container\">\n\t\t\t\t\t\t\t\t\t\t\t\t\t\t\t<img loading=\"lazy\" decoding=\"async\" width=\"640\" height=\"480\" src=\"https:\/\/rexformedling.se\/wp-content\/uploads\/2022\/01\/REX-Ullevi.jpg\" class=\"attachment-large size-large\" alt=\"\" srcset=\"https:\/\/rexformedling.se\/wp-content\/uploads\/2022\/01\/REX-Ullevi.jpg 640w, https:\/\/rexformedling.se\/wp-content\/uploads\/2022\/01\/REX-Ullevi-300x225.jpg 300w\" sizes=\"auto, (max-width: 640px) 100vw, 640px\" \/>\t\t\t\t\t\t\t\t\t\t\t\t\t\t\t<\/div>\n\t\t\t\t<\/div>\n\t\t\t\t\t<\/div>\n\t\t<\/div>\n\t\t\t\t<div class=\"elementor-column elementor-col-33 elementor-top-column elementor-element elementor-element-d25926b\" data-id=\"d25926b\" data-element_type=\"column\">\n\t\t\t<div class=\"elementor-widget-wrap elementor-element-populated\">\n\t\t\t\t\t\t\t\t<div class=\"elementor-element elementor-element-5db96ae elementor-widget elementor-widget-image\" data-id=\"5db96ae\" data-element_type=\"widget\" data-widget_type=\"image.default\">\n\t\t\t\t<div class=\"elementor-widget-container\">\n\t\t\t\t\t\t\t\t\t\t\t\t\t\t\t<img loading=\"lazy\" decoding=\"async\" width=\"400\" height=\"327\" src=\"https:\/\/rexformedling.se\/wp-content\/uploads\/2022\/01\/Om-oss.jpg\" class=\"attachment-large size-large\" alt=\"\" srcset=\"https:\/\/rexformedling.se\/wp-content\/uploads\/2022\/01\/Om-oss.jpg 400w, https:\/\/rexformedling.se\/wp-content\/uploads\/2022\/01\/Om-oss-300x245.jpg 300w\" sizes=\"auto, (max-width: 400px) 100vw, 400px\" \/>\t\t\t\t\t\t\t\t\t\t\t\t\t\t\t<\/div>\n\t\t\t\t<\/div>\n\t\t\t\t\t<\/div>\n\t\t<\/div>\n\t\t\t\t<div class=\"elementor-column elementor-col-33 elementor-top-column elementor-element elementor-element-7a5f278\" data-id=\"7a5f278\" data-element_type=\"column\">\n\t\t\t<div class=\"elementor-widget-wrap elementor-element-populated\">\n\t\t\t\t\t\t\t\t<div class=\"elementor-element elementor-element-3c59bdf elementor-widget elementor-widget-image\" data-id=\"3c59bdf\" data-element_type=\"widget\" data-widget_type=\"image.default\">\n\t\t\t\t<div class=\"elementor-widget-container\">\n\t\t\t\t\t\t\t\t\t\t\t\t\t\t\t<img loading=\"lazy\" decoding=\"async\" width=\"250\" height=\"233\" src=\"https:\/\/rexformedling.se\/wp-content\/uploads\/2022\/01\/Kontakta-oss.jpg\" class=\"attachment-large size-large\" alt=\"\" \/>\t\t\t\t\t\t\t\t\t\t\t\t\t\t\t<\/div>\n\t\t\t\t<\/div>\n\t\t\t\t\t<\/div>\n\t\t<\/div>\n\t\t\t\t\t\t\t<\/div>\n\t\t<\/section>\n\t\t\t\t\t\t<\/div>\n\t\t\t\t\t<\/div>\n\t\t","protected":false},"excerpt":{"rendered":"<p>\u00c4r du Fastighetsm\u00e4klare eller Aff\u00e4rsm\u00e4klare?Vill du arbeta hos oss? Skicka din CV till rekryteringen@rexformedling.se Vi har stort behov av f\u00f6retagsm\u00e4klare i \u00a0Stockholm, G\u00f6teborg och Malm\u00f6. V\u00e4lkommen med din ans\u00f6kan. REX F\u00f6rmedling har funnits sedan b\u00f6rjan av 2012 och \u00e4r din kompletta m\u00e4klare, vi f\u00f6rmedlar b\u00e5de bost\u00e4der och f\u00f6retag. Ring oss 0736-22 00 71 \u00a0 Vill [&hellip;]<\/p>\n","protected":false},"author":1,"featured_media":0,"parent":0,"menu_order":0,"comment_status":"closed","ping_status":"closed","template":"elementor_header_footer","meta":{"footnotes":""},"class_list":["post-191","page","type-page","status-publish","hentry"],"_links":{"self":[{"href":"https:\/\/rexformedling.se\/index.php\/wp-json\/wp\/v2\/pages\/191","targetHints":{"allow":["GET"]}}],"collection":[{"href":"https:\/\/rexformedling.se\/index.php\/wp-json\/wp\/v2\/pages"}],"about":[{"href":"https:\/\/rexformedling.se\/index.php\/wp-json\/wp\/v2\/types\/page"}],"author":[{"embeddable":true,"href":"https:\/\/rexformedling.se\/index.php\/wp-json\/wp\/v2\/users\/1"}],"replies":[{"embeddable":true,"href":"https:\/\/rexformedling.se\/index.php\/wp-json\/wp\/v2\/comments?post=191"}],"version-history":[{"count":7,"href":"https:\/\/rexformedling.se\/index.php\/wp-json\/wp\/v2\/pages\/191\/revisions"}],"predecessor-version":[{"id":353,"href":"https:\/\/rexformedling.se\/index.php\/wp-json\/wp\/v2\/pages\/191\/revisions\/353"}],"wp:attachment":[{"href":"https:\/\/rexformedling.se\/index.php\/wp-json\/wp\/v2\/media?parent=191"}],"curies":[{"name":"wp","href":"https:\/\/api.w.org\/{rel}","templated":true}]}}